{"id":107,"date":"2024-10-14T16:56:39","date_gmt":"2024-10-14T14:56:39","guid":{"rendered":"https:\/\/www.axeltixier.fr\/?page_id=107"},"modified":"2024-10-14T17:10:51","modified_gmt":"2024-10-14T15:10:51","slug":"airro","status":"publish","type":"page","link":"https:\/\/www.axeltixier.fr\/?page_id=107","title":{"rendered":"Airro"},"content":{"rendered":"\n<figure class=\"wp-block-image size-large\"><img loading=\"lazy\" decoding=\"async\" width=\"768\" height=\"1024\" src=\"https:\/\/www.axeltixier.fr\/wp-content\/uploads\/2024\/10\/Airron-768x1024.jpg\" alt=\"\" class=\"wp-image-119\" srcset=\"https:\/\/www.axeltixier.fr\/wp-content\/uploads\/2024\/10\/Airron-768x1024.jpg 768w, https:\/\/www.axeltixier.fr\/wp-content\/uploads\/2024\/10\/Airron-225x300.jpg 225w, https:\/\/www.axeltixier.fr\/wp-content\/uploads\/2024\/10\/Airron-1152x1536.jpg 1152w, https:\/\/www.axeltixier.fr\/wp-content\/uploads\/2024\/10\/Airron-1536x2048.jpg 1536w, https:\/\/www.axeltixier.fr\/wp-content\/uploads\/2024\/10\/Airron.jpg 1800w\" sizes=\"auto, (max-width: 768px) 100vw, 768px\" \/><\/figure>\n\n\n\n<figure class=\"wp-block-image size-large\"><img loading=\"lazy\" decoding=\"async\" width=\"1011\" height=\"1024\" src=\"https:\/\/www.axeltixier.fr\/wp-content\/uploads\/2024\/10\/Heron-1011x1024.jpg\" alt=\"\" class=\"wp-image-105\" srcset=\"https:\/\/www.axeltixier.fr\/wp-content\/uploads\/2024\/10\/Heron-1011x1024.jpg 1011w, https:\/\/www.axeltixier.fr\/wp-content\/uploads\/2024\/10\/Heron-296x300.jpg 296w, https:\/\/www.axeltixier.fr\/wp-content\/uploads\/2024\/10\/Heron-768x778.jpg 768w, https:\/\/www.axeltixier.fr\/wp-content\/uploads\/2024\/10\/Heron-1516x1536.jpg 1516w, https:\/\/www.axeltixier.fr\/wp-content\/uploads\/2024\/10\/Heron.jpg 1800w\" sizes=\"auto, (max-width: 1011px) 100vw, 1011px\" \/><\/figure>\n\n\n\n<p class=\"has-medium-font-size\" style=\"font-style:italic;font-weight:400\">Airro, le premier h\u00e9ron qui na\u00eet d&rsquo;un enduit de terre<\/p>\n\n\n\n<p class=\"has-medium-font-size\" style=\"font-style:italic;font-weight:400\">Il glisse sur l&rsquo;\u00e9tang brillant.<\/p>\n\n\n\n<p class=\"has-medium-font-size\" style=\"font-style:italic;font-weight:400\">La boue colle et l&rsquo;oiseau vole.<br><br><\/p>\n\n\n\n<p class=\"has-small-font-size\" style=\"line-height:0.7\"><br>Technique : Enduits de terre et pastel<\/p>\n\n\n\n<p class=\"has-small-font-size\" style=\"line-height:0.7\">Support&nbsp;:&nbsp;Bois et li\u00e8ge<\/p>\n\n\n\n<p class=\"has-small-font-size\" style=\"line-height:0.7\">Dimensions&nbsp;: 30 cm x 30 cm<\/p>\n\n\n\n<p class=\"has-small-font-size\" style=\"line-height:0.7\">Ann\u00e9e de r\u00e9alisation&nbsp;: 2023<\/p>\n\n\n\n<p><\/p>\n","protected":false},"excerpt":{"rendered":"<p>Airro, le premier h\u00e9ron qui na\u00eet d&rsquo;un enduit de terre Il glisse sur l&rsquo;\u00e9tang brillant. La boue colle et l&rsquo;oiseau vole. Technique : Enduits de terre et pastel Support&nbsp;:&nbsp;Bois et li\u00e8ge Dimensions&nbsp;: 30 cm x 30 cm Ann\u00e9e de r\u00e9alisation&nbsp;: 2023<\/p>\n","protected":false},"author":1,"featured_media":0,"parent":0,"menu_order":0,"comment_status":"closed","ping_status":"closed","template":"","meta":{"footnotes":""},"class_list":["post-107","page","type-page","status-publish","hentry"],"_links":{"self":[{"href":"https:\/\/www.axeltixier.fr\/index.php?rest_route=\/wp\/v2\/pages\/107","targetHints":{"allow":["GET"]}}],"collection":[{"href":"https:\/\/www.axeltixier.fr\/index.php?rest_route=\/wp\/v2\/pages"}],"about":[{"href":"https:\/\/www.axeltixier.fr\/index.php?rest_route=\/wp\/v2\/types\/page"}],"author":[{"embeddable":true,"href":"https:\/\/www.axeltixier.fr\/index.php?rest_route=\/wp\/v2\/users\/1"}],"replies":[{"embeddable":true,"href":"https:\/\/www.axeltixier.fr\/index.php?rest_route=%2Fwp%2Fv2%2Fcomments&post=107"}],"version-history":[{"count":7,"href":"https:\/\/www.axeltixier.fr\/index.php?rest_route=\/wp\/v2\/pages\/107\/revisions"}],"predecessor-version":[{"id":120,"href":"https:\/\/www.axeltixier.fr\/index.php?rest_route=\/wp\/v2\/pages\/107\/revisions\/120"}],"wp:attachment":[{"href":"https:\/\/www.axeltixier.fr\/index.php?rest_route=%2Fwp%2Fv2%2Fmedia&parent=107"}],"curies":[{"name":"wp","href":"https:\/\/api.w.org\/{rel}","templated":true}]}}