{"id":17,"date":"2023-06-05T15:11:33","date_gmt":"2023-06-05T13:11:33","guid":{"rendered":"http:\/\/www.axeltixier.fr\/?page_id=17"},"modified":"2023-06-05T18:32:05","modified_gmt":"2023-06-05T16:32:05","slug":"bandes-dessinees","status":"publish","type":"page","link":"https:\/\/www.axeltixier.fr\/?page_id=17","title":{"rendered":"La Maison-For\u00eat"},"content":{"rendered":"\n<figure class=\"wp-block-gallery has-nested-images columns-default is-cropped wp-block-gallery-1 is-layout-flex wp-block-gallery-is-layout-flex\">\n<figure class=\"wp-block-image size-large\"><a href=\"https:\/\/www.axeltixier.fr\/wp-content\/uploads\/2023\/06\/Champi1.jpg\"><img decoding=\"async\" data-id=\"19\" src=\"https:\/\/www.axeltixier.fr\/wp-content\/uploads\/2023\/06\/Champi1-743x1024.jpg\" alt=\"\" class=\"wp-image-19\"\/><\/a><\/figure>\n\n\n\n<figure class=\"wp-block-image size-large\"><a href=\"https:\/\/www.axeltixier.fr\/wp-content\/uploads\/2023\/06\/Champi2.jpg\"><img decoding=\"async\" data-id=\"20\" src=\"https:\/\/www.axeltixier.fr\/wp-content\/uploads\/2023\/06\/Champi2-771x1024.jpg\" alt=\"\" class=\"wp-image-20\"\/><\/a><\/figure>\n\n\n\n<figure class=\"wp-block-image size-large\"><a href=\"https:\/\/www.axeltixier.fr\/wp-content\/uploads\/2023\/06\/Champi3.jpg\"><img decoding=\"async\" data-id=\"21\" src=\"https:\/\/www.axeltixier.fr\/wp-content\/uploads\/2023\/06\/Champi3-741x1024.jpg\" alt=\"\" class=\"wp-image-21\"\/><\/a><\/figure>\n<\/figure>\n\n\n\n<p>\u00c9t\u00e9 2021<\/p>\n\n\n\n<p>Courte s\u00e9quence sur les activit\u00e9s des habitants de la Maison-For\u00eat<\/p>\n\n\n\n<p>Pastel, feutre et poussi\u00e8re d&rsquo;acier<\/p>\n\n\n\n<figure class=\"wp-block-image size-large\"><img loading=\"lazy\" decoding=\"async\" width=\"743\" height=\"1024\" src=\"https:\/\/www.axeltixier.fr\/wp-content\/uploads\/2023\/06\/Champi1-743x1024.jpg\" alt=\"\" class=\"wp-image-39\" srcset=\"https:\/\/www.axeltixier.fr\/wp-content\/uploads\/2023\/06\/Champi1-743x1024.jpg 743w, https:\/\/www.axeltixier.fr\/wp-content\/uploads\/2023\/06\/Champi1-218x300.jpg 218w, https:\/\/www.axeltixier.fr\/wp-content\/uploads\/2023\/06\/Champi1-768x1059.jpg 768w, https:\/\/www.axeltixier.fr\/wp-content\/uploads\/2023\/06\/Champi1.jpg 850w\" sizes=\"auto, (max-width: 743px) 100vw, 743px\" \/><\/figure>\n\n\n\n<figure class=\"wp-block-image size-large\"><img loading=\"lazy\" decoding=\"async\" width=\"771\" height=\"1024\" src=\"https:\/\/www.axeltixier.fr\/wp-content\/uploads\/2023\/06\/Champi2-771x1024.jpg\" alt=\"\" class=\"wp-image-40\" srcset=\"https:\/\/www.axeltixier.fr\/wp-content\/uploads\/2023\/06\/Champi2-771x1024.jpg 771w, https:\/\/www.axeltixier.fr\/wp-content\/uploads\/2023\/06\/Champi2-226x300.jpg 226w, https:\/\/www.axeltixier.fr\/wp-content\/uploads\/2023\/06\/Champi2-768x1020.jpg 768w, https:\/\/www.axeltixier.fr\/wp-content\/uploads\/2023\/06\/Champi2.jpg 850w\" sizes=\"auto, (max-width: 771px) 100vw, 771px\" \/><\/figure>\n\n\n\n<figure class=\"wp-block-image size-large\"><img loading=\"lazy\" decoding=\"async\" width=\"741\" height=\"1024\" src=\"https:\/\/www.axeltixier.fr\/wp-content\/uploads\/2023\/06\/Champi3-741x1024.jpg\" alt=\"\" class=\"wp-image-38\" srcset=\"https:\/\/www.axeltixier.fr\/wp-content\/uploads\/2023\/06\/Champi3-741x1024.jpg 741w, https:\/\/www.axeltixier.fr\/wp-content\/uploads\/2023\/06\/Champi3-217x300.jpg 217w, https:\/\/www.axeltixier.fr\/wp-content\/uploads\/2023\/06\/Champi3-768x1061.jpg 768w, https:\/\/www.axeltixier.fr\/wp-content\/uploads\/2023\/06\/Champi3.jpg 850w\" sizes=\"auto, (max-width: 741px) 100vw, 741px\" \/><\/figure>\n","protected":false},"excerpt":{"rendered":"<p>\u00c9t\u00e9 2021 Courte s\u00e9quence sur les activit\u00e9s des habitants de la Maison-For\u00eat Pastel, feutre et poussi\u00e8re d&rsquo;acier<\/p>\n","protected":false},"author":1,"featured_media":0,"parent":0,"menu_order":0,"comment_status":"closed","ping_status":"closed","template":"","meta":{"footnotes":""},"class_list":["post-17","page","type-page","status-publish","hentry"],"_links":{"self":[{"href":"https:\/\/www.axeltixier.fr\/index.php?rest_route=\/wp\/v2\/pages\/17","targetHints":{"allow":["GET"]}}],"collection":[{"href":"https:\/\/www.axeltixier.fr\/index.php?rest_route=\/wp\/v2\/pages"}],"about":[{"href":"https:\/\/www.axeltixier.fr\/index.php?rest_route=\/wp\/v2\/types\/page"}],"author":[{"embeddable":true,"href":"https:\/\/www.axeltixier.fr\/index.php?rest_route=\/wp\/v2\/users\/1"}],"replies":[{"embeddable":true,"href":"https:\/\/www.axeltixier.fr\/index.php?rest_route=%2Fwp%2Fv2%2Fcomments&post=17"}],"version-history":[{"count":9,"href":"https:\/\/www.axeltixier.fr\/index.php?rest_route=\/wp\/v2\/pages\/17\/revisions"}],"predecessor-version":[{"id":77,"href":"https:\/\/www.axeltixier.fr\/index.php?rest_route=\/wp\/v2\/pages\/17\/revisions\/77"}],"wp:attachment":[{"href":"https:\/\/www.axeltixier.fr\/index.php?rest_route=%2Fwp%2Fv2%2Fmedia&parent=17"}],"curies":[{"name":"wp","href":"https:\/\/api.w.org\/{rel}","templated":true}]}}