{"id":42,"date":"2023-06-05T17:25:08","date_gmt":"2023-06-05T15:25:08","guid":{"rendered":"http:\/\/www.axeltixier.fr\/?page_id=42"},"modified":"2024-09-22T19:38:58","modified_gmt":"2024-09-22T17:38:58","slug":"livres","status":"publish","type":"page","link":"https:\/\/www.axeltixier.fr\/?page_id=42","title":{"rendered":"PoBa"},"content":{"rendered":"\n<figure class=\"wp-block-image size-large\"><img loading=\"lazy\" decoding=\"async\" width=\"768\" height=\"1024\" src=\"https:\/\/www.axeltixier.fr\/wp-content\/uploads\/2023\/06\/image5couv-low-768x1024.jpg\" alt=\"\" class=\"wp-image-43\" srcset=\"https:\/\/www.axeltixier.fr\/wp-content\/uploads\/2023\/06\/image5couv-low-768x1024.jpg 768w, https:\/\/www.axeltixier.fr\/wp-content\/uploads\/2023\/06\/image5couv-low-225x300.jpg 225w, https:\/\/www.axeltixier.fr\/wp-content\/uploads\/2023\/06\/image5couv-low.jpg 850w\" sizes=\"auto, (max-width: 768px) 100vw, 768px\" \/><\/figure>\n\n\n\n<p>PoBa<br>Le Potentiel de la Bande-Dessin\u00e9e<br><br>Un livre \u00e9dit\u00e9 \u00e0 mon compte et qui r\u00e9unit des r\u00e9cits de bande-dessin\u00e9e<br>\u00e0 lire et \u00e0 sentir. J\u2019y ai rassembl\u00e9 quatre auteurs afin d\u2019appuyer certaines r\u00e9flexions sur la bande-dessin\u00e9e et son potentiel \u00e0 communiquer par diff\u00e9rents biais.<br><br>Les auteurs : GMKD &#8211; Chou Yi &#8211; L2C &#8211; Ruben Pino del Perales<br><br>Couverture souple &#8211; Reliure copte &#8211; 56 Pages &#8211; Risographie &#8211; 17,5&#215;25 cm &#8211; 20 \u20ac<br><\/p>\n\n\n\n<figure class=\"wp-block-gallery has-nested-images columns-default is-cropped wp-block-gallery-1 is-layout-flex wp-block-gallery-is-layout-flex\">\n<figure class=\"wp-block-image size-large\"><img loading=\"lazy\" decoding=\"async\" width=\"1024\" height=\"715\" data-id=\"49\" src=\"https:\/\/www.axeltixier.fr\/wp-content\/uploads\/2023\/06\/image11-low-1024x715.jpg\" alt=\"\" class=\"wp-image-49\" srcset=\"https:\/\/www.axeltixier.fr\/wp-content\/uploads\/2023\/06\/image11-low-1024x715.jpg 1024w, https:\/\/www.axeltixier.fr\/wp-content\/uploads\/2023\/06\/image11-low-300x210.jpg 300w, https:\/\/www.axeltixier.fr\/wp-content\/uploads\/2023\/06\/image11-low-768x536.jpg 768w, https:\/\/www.axeltixier.fr\/wp-content\/uploads\/2023\/06\/image11-low-1536x1073.jpg 1536w, https:\/\/www.axeltixier.fr\/wp-content\/uploads\/2023\/06\/image11-low.jpg 1622w\" sizes=\"auto, (max-width: 1024px) 100vw, 1024px\" \/><\/figure>\n\n\n\n<figure class=\"wp-block-image size-large\"><img loading=\"lazy\" decoding=\"async\" width=\"1024\" height=\"768\" data-id=\"48\" src=\"https:\/\/www.axeltixier.fr\/wp-content\/uploads\/2023\/06\/image22-low-1024x768.jpg\" alt=\"\" class=\"wp-image-48\" srcset=\"https:\/\/www.axeltixier.fr\/wp-content\/uploads\/2023\/06\/image22-low-1024x768.jpg 1024w, https:\/\/www.axeltixier.fr\/wp-content\/uploads\/2023\/06\/image22-low-300x225.jpg 300w, https:\/\/www.axeltixier.fr\/wp-content\/uploads\/2023\/06\/image22-low-768x576.jpg 768w, https:\/\/www.axeltixier.fr\/wp-content\/uploads\/2023\/06\/image22-low.jpg 1511w\" sizes=\"auto, (max-width: 1024px) 100vw, 1024px\" \/><\/figure>\n\n\n\n<figure class=\"wp-block-image size-large\"><img loading=\"lazy\" decoding=\"async\" width=\"1024\" height=\"787\" data-id=\"46\" src=\"https:\/\/www.axeltixier.fr\/wp-content\/uploads\/2023\/06\/image33-low-1024x787.jpg\" alt=\"\" class=\"wp-image-46\" srcset=\"https:\/\/www.axeltixier.fr\/wp-content\/uploads\/2023\/06\/image33-low-1024x787.jpg 1024w, https:\/\/www.axeltixier.fr\/wp-content\/uploads\/2023\/06\/image33-low-300x230.jpg 300w, https:\/\/www.axeltixier.fr\/wp-content\/uploads\/2023\/06\/image33-low-768x590.jpg 768w, https:\/\/www.axeltixier.fr\/wp-content\/uploads\/2023\/06\/image33-low.jpg 1475w\" sizes=\"auto, (max-width: 1024px) 100vw, 1024px\" \/><\/figure>\n\n\n\n<figure class=\"wp-block-image size-large\"><img loading=\"lazy\" decoding=\"async\" width=\"1024\" height=\"786\" data-id=\"47\" src=\"https:\/\/www.axeltixier.fr\/wp-content\/uploads\/2023\/06\/image00-low-1024x786.jpg\" alt=\"\" class=\"wp-image-47\" srcset=\"https:\/\/www.axeltixier.fr\/wp-content\/uploads\/2023\/06\/image00-low-1024x786.jpg 1024w, https:\/\/www.axeltixier.fr\/wp-content\/uploads\/2023\/06\/image00-low-300x230.jpg 300w, https:\/\/www.axeltixier.fr\/wp-content\/uploads\/2023\/06\/image00-low-768x590.jpg 768w, https:\/\/www.axeltixier.fr\/wp-content\/uploads\/2023\/06\/image00-low.jpg 1476w\" sizes=\"auto, (max-width: 1024px) 100vw, 1024px\" \/><\/figure>\n\n\n\n<figure class=\"wp-block-image size-large\"><img loading=\"lazy\" decoding=\"async\" width=\"1024\" height=\"768\" data-id=\"44\" src=\"https:\/\/www.axeltixier.fr\/wp-content\/uploads\/2023\/06\/04low-1024x768.jpg\" alt=\"\" class=\"wp-image-44\" srcset=\"https:\/\/www.axeltixier.fr\/wp-content\/uploads\/2023\/06\/04low-1024x768.jpg 1024w, https:\/\/www.axeltixier.fr\/wp-content\/uploads\/2023\/06\/04low-300x225.jpg 300w, https:\/\/www.axeltixier.fr\/wp-content\/uploads\/2023\/06\/04low-768x576.jpg 768w, https:\/\/www.axeltixier.fr\/wp-content\/uploads\/2023\/06\/04low.jpg 1511w\" sizes=\"auto, (max-width: 1024px) 100vw, 1024px\" \/><\/figure>\n\n\n\n<figure class=\"wp-block-image size-large\"><img loading=\"lazy\" decoding=\"async\" width=\"1024\" height=\"768\" data-id=\"52\" src=\"https:\/\/www.axeltixier.fr\/wp-content\/uploads\/2023\/06\/03low-1024x768.jpg\" alt=\"\" class=\"wp-image-52\" srcset=\"https:\/\/www.axeltixier.fr\/wp-content\/uploads\/2023\/06\/03low-1024x768.jpg 1024w, https:\/\/www.axeltixier.fr\/wp-content\/uploads\/2023\/06\/03low-300x225.jpg 300w, https:\/\/www.axeltixier.fr\/wp-content\/uploads\/2023\/06\/03low-768x576.jpg 768w, https:\/\/www.axeltixier.fr\/wp-content\/uploads\/2023\/06\/03low.jpg 1511w\" sizes=\"auto, (max-width: 1024px) 100vw, 1024px\" \/><\/figure>\n\n\n\n<figure class=\"wp-block-image size-large\"><img loading=\"lazy\" decoding=\"async\" width=\"1024\" height=\"768\" data-id=\"50\" src=\"https:\/\/www.axeltixier.fr\/wp-content\/uploads\/2023\/06\/01low-1024x768.jpg\" alt=\"\" class=\"wp-image-50\" srcset=\"https:\/\/www.axeltixier.fr\/wp-content\/uploads\/2023\/06\/01low-1024x768.jpg 1024w, https:\/\/www.axeltixier.fr\/wp-content\/uploads\/2023\/06\/01low-300x225.jpg 300w, https:\/\/www.axeltixier.fr\/wp-content\/uploads\/2023\/06\/01low-768x576.jpg 768w, https:\/\/www.axeltixier.fr\/wp-content\/uploads\/2023\/06\/01low.jpg 1511w\" sizes=\"auto, (max-width: 1024px) 100vw, 1024px\" \/><\/figure>\n\n\n\n<figure class=\"wp-block-image size-large\"><img loading=\"lazy\" decoding=\"async\" width=\"1024\" height=\"768\" data-id=\"51\" src=\"https:\/\/www.axeltixier.fr\/wp-content\/uploads\/2023\/06\/02low-1024x768.jpg\" alt=\"\" class=\"wp-image-51\" srcset=\"https:\/\/www.axeltixier.fr\/wp-content\/uploads\/2023\/06\/02low-1024x768.jpg 1024w, https:\/\/www.axeltixier.fr\/wp-content\/uploads\/2023\/06\/02low-300x225.jpg 300w, https:\/\/www.axeltixier.fr\/wp-content\/uploads\/2023\/06\/02low-768x576.jpg 768w, https:\/\/www.axeltixier.fr\/wp-content\/uploads\/2023\/06\/02low.jpg 1511w\" sizes=\"auto, (max-width: 1024px) 100vw, 1024px\" \/><\/figure>\n<\/figure>\n","protected":false},"excerpt":{"rendered":"<p>PoBaLe Potentiel de la Bande-Dessin\u00e9e Un livre \u00e9dit\u00e9 \u00e0 mon compte et qui r\u00e9unit des r\u00e9cits de bande-dessin\u00e9e\u00e0 lire et \u00e0 sentir. J\u2019y ai rassembl\u00e9 quatre auteurs afin d\u2019appuyer certaines r\u00e9flexions sur la bande-dessin\u00e9e et son potentiel \u00e0 communiquer par diff\u00e9rents biais. Les auteurs : GMKD &#8211; Chou Yi &#8211; L2C &#8211; Ruben Pino del [&hellip;]<\/p>\n","protected":false},"author":1,"featured_media":0,"parent":0,"menu_order":0,"comment_status":"closed","ping_status":"closed","template":"","meta":{"footnotes":""},"class_list":["post-42","page","type-page","status-publish","hentry"],"_links":{"self":[{"href":"https:\/\/www.axeltixier.fr\/index.php?rest_route=\/wp\/v2\/pages\/42","targetHints":{"allow":["GET"]}}],"collection":[{"href":"https:\/\/www.axeltixier.fr\/index.php?rest_route=\/wp\/v2\/pages"}],"about":[{"href":"https:\/\/www.axeltixier.fr\/index.php?rest_route=\/wp\/v2\/types\/page"}],"author":[{"embeddable":true,"href":"https:\/\/www.axeltixier.fr\/index.php?rest_route=\/wp\/v2\/users\/1"}],"replies":[{"embeddable":true,"href":"https:\/\/www.axeltixier.fr\/index.php?rest_route=%2Fwp%2Fv2%2Fcomments&post=42"}],"version-history":[{"count":5,"href":"https:\/\/www.axeltixier.fr\/index.php?rest_route=\/wp\/v2\/pages\/42\/revisions"}],"predecessor-version":[{"id":99,"href":"https:\/\/www.axeltixier.fr\/index.php?rest_route=\/wp\/v2\/pages\/42\/revisions\/99"}],"wp:attachment":[{"href":"https:\/\/www.axeltixier.fr\/index.php?rest_route=%2Fwp%2Fv2%2Fmedia&parent=42"}],"curies":[{"name":"wp","href":"https:\/\/api.w.org\/{rel}","templated":true}]}}