{"id":94,"date":"2024-09-22T18:59:51","date_gmt":"2024-09-22T16:59:51","guid":{"rendered":"https:\/\/www.axeltixier.fr\/?page_id=94"},"modified":"2024-09-22T18:59:51","modified_gmt":"2024-09-22T16:59:51","slug":"herons-des-marais","status":"publish","type":"page","link":"https:\/\/www.axeltixier.fr\/?page_id=94","title":{"rendered":"H\u00e9rons des marais"},"content":{"rendered":"\n<figure class=\"wp-block-image size-large is-resized\"><img loading=\"lazy\" decoding=\"async\" width=\"1024\" height=\"841\" src=\"https:\/\/www.axeltixier.fr\/wp-content\/uploads\/2024\/09\/Expocouek-1-1024x841.jpg\" alt=\"\" class=\"wp-image-92\" style=\"width:650px;height:auto\" srcset=\"https:\/\/www.axeltixier.fr\/wp-content\/uploads\/2024\/09\/Expocouek-1-1024x841.jpg 1024w, https:\/\/www.axeltixier.fr\/wp-content\/uploads\/2024\/09\/Expocouek-1-300x246.jpg 300w, https:\/\/www.axeltixier.fr\/wp-content\/uploads\/2024\/09\/Expocouek-1-768x630.jpg 768w, https:\/\/www.axeltixier.fr\/wp-content\/uploads\/2024\/09\/Expocouek-1.jpg 1100w\" sizes=\"auto, (max-width: 1024px) 100vw, 1024px\" \/><\/figure>\n\n\n\n<p>Huit H\u00e9ron des marais<\/p>\n\n\n\n<p>Technique : Enduits de terre et pastel<\/p>\n\n\n\n<p>Support&nbsp;:&nbsp;Bois<\/p>\n\n\n\n<p>Dimensions&nbsp;: 30 cm x 30 cm<\/p>\n\n\n\n<p>Ann\u00e9e de r\u00e9alisation&nbsp;: 2023<\/p>\n\n\n\n<figure class=\"wp-block-image size-full\"><img loading=\"lazy\" decoding=\"async\" width=\"900\" height=\"900\" src=\"https:\/\/www.axeltixier.fr\/wp-content\/uploads\/2024\/09\/Couekdoux.jpg\" alt=\"\" class=\"wp-image-87\" srcset=\"https:\/\/www.axeltixier.fr\/wp-content\/uploads\/2024\/09\/Couekdoux.jpg 900w, https:\/\/www.axeltixier.fr\/wp-content\/uploads\/2024\/09\/Couekdoux-300x300.jpg 300w, https:\/\/www.axeltixier.fr\/wp-content\/uploads\/2024\/09\/Couekdoux-150x150.jpg 150w, https:\/\/www.axeltixier.fr\/wp-content\/uploads\/2024\/09\/Couekdoux-768x768.jpg 768w\" sizes=\"auto, (max-width: 900px) 100vw, 900px\" \/><\/figure>\n\n\n\n<figure class=\"wp-block-image size-full\"><img loading=\"lazy\" decoding=\"async\" width=\"900\" height=\"900\" src=\"https:\/\/www.axeltixier.fr\/wp-content\/uploads\/2024\/09\/Couekinou.jpg\" alt=\"\" class=\"wp-image-88\" srcset=\"https:\/\/www.axeltixier.fr\/wp-content\/uploads\/2024\/09\/Couekinou.jpg 900w, https:\/\/www.axeltixier.fr\/wp-content\/uploads\/2024\/09\/Couekinou-300x300.jpg 300w, https:\/\/www.axeltixier.fr\/wp-content\/uploads\/2024\/09\/Couekinou-150x150.jpg 150w, https:\/\/www.axeltixier.fr\/wp-content\/uploads\/2024\/09\/Couekinou-768x768.jpg 768w\" sizes=\"auto, (max-width: 900px) 100vw, 900px\" \/><\/figure>\n\n\n\n<figure class=\"wp-block-image size-full\"><img loading=\"lazy\" decoding=\"async\" width=\"900\" height=\"900\" src=\"https:\/\/www.axeltixier.fr\/wp-content\/uploads\/2024\/09\/Couekou.jpg\" alt=\"\" class=\"wp-image-91\" srcset=\"https:\/\/www.axeltixier.fr\/wp-content\/uploads\/2024\/09\/Couekou.jpg 900w, https:\/\/www.axeltixier.fr\/wp-content\/uploads\/2024\/09\/Couekou-300x300.jpg 300w, https:\/\/www.axeltixier.fr\/wp-content\/uploads\/2024\/09\/Couekou-150x150.jpg 150w, https:\/\/www.axeltixier.fr\/wp-content\/uploads\/2024\/09\/Couekou-768x768.jpg 768w\" sizes=\"auto, (max-width: 900px) 100vw, 900px\" \/><\/figure>\n\n\n\n<figure class=\"wp-block-image size-full\"><img loading=\"lazy\" decoding=\"async\" width=\"900\" height=\"900\" src=\"https:\/\/www.axeltixier.fr\/wp-content\/uploads\/2024\/09\/Couekadieu.jpg\" alt=\"\" class=\"wp-image-86\" srcset=\"https:\/\/www.axeltixier.fr\/wp-content\/uploads\/2024\/09\/Couekadieu.jpg 900w, https:\/\/www.axeltixier.fr\/wp-content\/uploads\/2024\/09\/Couekadieu-300x300.jpg 300w, https:\/\/www.axeltixier.fr\/wp-content\/uploads\/2024\/09\/Couekadieu-150x150.jpg 150w, https:\/\/www.axeltixier.fr\/wp-content\/uploads\/2024\/09\/Couekadieu-768x768.jpg 768w\" sizes=\"auto, (max-width: 900px) 100vw, 900px\" \/><\/figure>\n\n\n\n<figure class=\"wp-block-image size-full\"><img loading=\"lazy\" decoding=\"async\" width=\"900\" height=\"900\" src=\"https:\/\/www.axeltixier.fr\/wp-content\/uploads\/2024\/09\/Couekish.jpg\" alt=\"\" class=\"wp-image-90\" srcset=\"https:\/\/www.axeltixier.fr\/wp-content\/uploads\/2024\/09\/Couekish.jpg 900w, https:\/\/www.axeltixier.fr\/wp-content\/uploads\/2024\/09\/Couekish-300x300.jpg 300w, https:\/\/www.axeltixier.fr\/wp-content\/uploads\/2024\/09\/Couekish-150x150.jpg 150w, https:\/\/www.axeltixier.fr\/wp-content\/uploads\/2024\/09\/Couekish-768x768.jpg 768w\" sizes=\"auto, (max-width: 900px) 100vw, 900px\" \/><\/figure>\n\n\n\n<figure class=\"wp-block-image size-full\"><img loading=\"lazy\" decoding=\"async\" width=\"900\" height=\"900\" src=\"https:\/\/www.axeltixier.fr\/wp-content\/uploads\/2024\/09\/Couekips.jpg\" alt=\"\" class=\"wp-image-89\" srcset=\"https:\/\/www.axeltixier.fr\/wp-content\/uploads\/2024\/09\/Couekips.jpg 900w, https:\/\/www.axeltixier.fr\/wp-content\/uploads\/2024\/09\/Couekips-300x300.jpg 300w, https:\/\/www.axeltixier.fr\/wp-content\/uploads\/2024\/09\/Couekips-150x150.jpg 150w, https:\/\/www.axeltixier.fr\/wp-content\/uploads\/2024\/09\/Couekips-768x768.jpg 768w\" sizes=\"auto, (max-width: 900px) 100vw, 900px\" \/><\/figure>\n\n\n\n<figure class=\"wp-block-image size-full\"><img loading=\"lazy\" decoding=\"async\" width=\"900\" height=\"900\" src=\"https:\/\/www.axeltixier.fr\/wp-content\/uploads\/2024\/09\/Couekache-1.jpg\" alt=\"\" class=\"wp-image-85\" srcset=\"https:\/\/www.axeltixier.fr\/wp-content\/uploads\/2024\/09\/Couekache-1.jpg 900w, https:\/\/www.axeltixier.fr\/wp-content\/uploads\/2024\/09\/Couekache-1-300x300.jpg 300w, https:\/\/www.axeltixier.fr\/wp-content\/uploads\/2024\/09\/Couekache-1-150x150.jpg 150w, https:\/\/www.axeltixier.fr\/wp-content\/uploads\/2024\/09\/Couekache-1-768x768.jpg 768w\" sizes=\"auto, (max-width: 900px) 100vw, 900px\" \/><\/figure>\n\n\n\n<p><\/p>\n","protected":false},"excerpt":{"rendered":"<p>Huit H\u00e9ron des marais Technique : Enduits de terre et pastel Support&nbsp;:&nbsp;Bois Dimensions&nbsp;: 30 cm x 30 cm Ann\u00e9e de r\u00e9alisation&nbsp;: 2023<\/p>\n","protected":false},"author":1,"featured_media":0,"parent":0,"menu_order":0,"comment_status":"closed","ping_status":"closed","template":"","meta":{"footnotes":""},"class_list":["post-94","page","type-page","status-publish","hentry"],"_links":{"self":[{"href":"https:\/\/www.axeltixier.fr\/index.php?rest_route=\/wp\/v2\/pages\/94","targetHints":{"allow":["GET"]}}],"collection":[{"href":"https:\/\/www.axeltixier.fr\/index.php?rest_route=\/wp\/v2\/pages"}],"about":[{"href":"https:\/\/www.axeltixier.fr\/index.php?rest_route=\/wp\/v2\/types\/page"}],"author":[{"embeddable":true,"href":"https:\/\/www.axeltixier.fr\/index.php?rest_route=\/wp\/v2\/users\/1"}],"replies":[{"embeddable":true,"href":"https:\/\/www.axeltixier.fr\/index.php?rest_route=%2Fwp%2Fv2%2Fcomments&post=94"}],"version-history":[{"count":1,"href":"https:\/\/www.axeltixier.fr\/index.php?rest_route=\/wp\/v2\/pages\/94\/revisions"}],"predecessor-version":[{"id":95,"href":"https:\/\/www.axeltixier.fr\/index.php?rest_route=\/wp\/v2\/pages\/94\/revisions\/95"}],"wp:attachment":[{"href":"https:\/\/www.axeltixier.fr\/index.php?rest_route=%2Fwp%2Fv2%2Fmedia&parent=94"}],"curies":[{"name":"wp","href":"https:\/\/api.w.org\/{rel}","templated":true}]}}